{"id":4223,"date":"2017-05-05T10:50:45","date_gmt":"2017-05-05T10:50:45","guid":{"rendered":"https:\/\/hisconsult.fr\/?page_id=4223"},"modified":"2022-06-29T11:16:34","modified_gmt":"2022-06-29T08:16:34","slug":"contact","status":"publish","type":"page","link":"https:\/\/hisconsult.fr\/fr\/contact\/","title":{"rendered":"Contact"},"content":{"rendered":"<p>[vc_row full_width=&#8221;stretch_row&#8221; equal_height=&#8221;yes&#8221; css=&#8221;.vc_custom_1494337711020{margin-bottom: 48px !important;}&#8221;][vc_column width=&#8221;1\/3&#8243; css=&#8221;.vc_custom_1494336662073{padding-right: 24px !important;}&#8221;]<div class=\"mh-heading-wrapper--left \">\n\t\n        <div class=\"mh-heading-wrapper\">\n            <h2            class=\"mh-heading  mh-heading--bottom-separator   \"\n            style=\"font-weight:700;\">\n\t\t\tEcrivez nous        <\/h2>\n\n\t\t    <\/div>\n\n\t<\/div><div role=\"form\" class=\"wpcf7\" id=\"wpcf7-f4925-o1\" lang=\"fr-FR\" dir=\"ltr\">\n<div class=\"screen-reader-response\"><p role=\"status\" aria-live=\"polite\" aria-atomic=\"true\"><\/p> <ul><\/ul><\/div>\n<form action=\"\/fr\/wp-json\/wp\/v2\/pages\/4223#wpcf7-f4925-o1\" method=\"post\" class=\"wpcf7-form init\" novalidate=\"novalidate\" data-status=\"init\">\n<div style=\"display: none;\">\n<input type=\"hidden\" name=\"_wpcf7\" value=\"4925\" \/>\n<input type=\"hidden\" name=\"_wpcf7_version\" value=\"5.5.6.1\" \/>\n<input type=\"hidden\" name=\"_wpcf7_locale\" value=\"fr_FR\" \/>\n<input type=\"hidden\" name=\"_wpcf7_unit_tag\" value=\"wpcf7-f4925-o1\" \/>\n<input type=\"hidden\" name=\"_wpcf7_container_post\" value=\"0\" \/>\n<input type=\"hidden\" name=\"_wpcf7_posted_data_hash\" value=\"\" \/>\n<\/div>\n<p><label><span class=\"wpcf7-form-control-wrap your-name\"><input type=\"text\" name=\"your-name\" value=\"\" size=\"40\" class=\"wpcf7-form-control wpcf7-text\" aria-invalid=\"false\" placeholder=\"Votre prenome\" \/><\/span><\/label><br \/>\n<label><span class=\"wpcf7-form-control-wrap your-phone\"><input type=\"tel\" name=\"your-phone\" value=\"\" size=\"40\" class=\"wpcf7-form-control wpcf7-text wpcf7-tel wpcf7-validates-as-tel\" aria-invalid=\"false\" placeholder=\"Num\u00e9ro de t\u00e9t\u00e9phone\" \/><\/span><\/label><br \/>\n<label><span class=\"wpcf7-form-control-wrap your-email\"><input type=\"email\" name=\"your-email\" value=\"\" size=\"40\" class=\"wpcf7-form-control wpcf7-text wpcf7-email wpcf7-validates-as-required wpcf7-validates-as-email\" aria-required=\"true\" aria-invalid=\"false\" placeholder=\"Email\" \/><\/span><\/label><br \/>\n<label><span class=\"wpcf7-form-control-wrap your-message\"><textarea name=\"your-message\" cols=\"40\" rows=\"10\" class=\"wpcf7-form-control wpcf7-textarea\" aria-invalid=\"false\" placeholder=\"Votre message\"><\/textarea><\/span><\/label><br \/>\n<input type=\"submit\" value=\"Envoyer\" class=\"wpcf7-form-control has-spinner wpcf7-submit\" \/><\/p>\n<input type=\"hidden\" id=\"ct_checkjs_cf7_a4a042cf4fd6bfb47701cbc8a1653ada\" name=\"ct_checkjs_cf7\" value=\"0\" \/><script >setTimeout(function(){var ct_input_name = \"ct_checkjs_cf7_a4a042cf4fd6bfb47701cbc8a1653ada\";if (document.getElementById(ct_input_name) !== null) {var ct_input_value = document.getElementById(ct_input_name).value;document.getElementById(ct_input_name).value = document.getElementById(ct_input_name).value.replace(ct_input_value, 'e44b75bdd857662494d942ae4fddba07a0e9ce70466269edf10972ef90dd1e75');}}, 1000);<\/script><label class=\"apbct_special_field\" id=\"apbct_label_id18077\" for=\"apbct__email_id__wp_contact_form_7_18077\">18077<\/label><input \n        id=\"apbct__email_id__wp_contact_form_7_18077\" \n        class=\"apbct_special_field apbct__email_id__wp_contact_form_7\"\n        autocomplete=\"off\" \n        name=\"apbct__email_id__wp_contact_form_7_18077\"  \n        type=\"text\" \n        value=\"18077\" \n        size=\"30\" \n        apbct_event_id=\"18077\"\n        maxlength=\"200\" \n    \/><input \n        id=\"apbct_event_id\"\n        class=\"apbct_special_field\"\n        name=\"apbct_event_id\"\n        type=\"hidden\" \n        value=\"18077\" \n            \/><div class=\"wpcf7-response-output\" aria-hidden=\"true\"><\/div><\/form><\/div>[\/vc_column][vc_column width=&#8221;1\/3&#8243; css=&#8221;.vc_custom_1494336828259{padding-right: 24px !important;padding-left: 24px !important;background-color: #f4f4f4 !important;}&#8221;][vc_column_text]<strong>Iryna Siehr<\/strong><\/p>\n<p><b>Directeur de d\u00e9veloppement<\/b><\/p>\n<p><strong>Email:<\/strong> contact@hisconsult.fr<br \/>\n<strong>Tel:<\/strong> +33 7 71 23 52 34 ( WhatsApp, Viber, Telegram )<br \/>\n<strong>Adresse:<\/strong> 8 rue de Vidaihan, Hills Plaza, 31130 Balma ( Toulouse)<\/p>\n<ul>\n<li>Contact<\/li>\n<li><a href=\"#\">FAQ<\/a><\/li>\n<li><a href=\"#\">About us<\/a><\/li>\n<\/ul>\n<p>[\/vc_column_text]<div class=\"essb-social-followers-variables essb-fc-grid essb-profiles essb-fc-template-metro\"><\/div>[\/vc_column][vc_column width=&#8221;1\/3&#8243; css=&#8221;.vc_custom_1494336835635{padding-right: 24px !important;padding-left: 24px !important;background-color: #f4f4f4 !important;}&#8221;][vc_single_image image=&#8221;4198&#8243; img_size=&#8221;full&#8221;][vc_column_text]<strong>Lundi &#8211; Vendredi:<\/strong> 9h &#8211; 19h<br \/>\n<strong>Samedi:<\/strong> 10h &#8211; 18h<br \/>\n<strong>Dimanche:<\/strong> Ferm\u00e9[\/vc_column_text][\/vc_column][\/vc_row][vc_row full_width=&#8221;stretch_row_content_no_spaces&#8221;][vc_column][vc_gmaps link=&#8221;#E-8_JTNDaWZyYW1lJTIwc3JjJTNEJTIyaHR0cHMlM0ElMkYlMkZ3d3cuZ29vZ2xlLmNvbSUyRm1hcHMlMkZlbWJlZCUzRnBiJTNEJTIxMW0xNCUyMTFtOCUyMTFtMyUyMTFkMTE1NTIuNDY2NzM2MTUwMiUyMTJkMS40ODkyMjgyJTIxM2Q0My42MjQ5MzAzJTIxM20yJTIxMWkxMDI0JTIxMmk3NjglMjE0ZjEzLjElMjEzbTMlMjExbTIlMjExczB4MCUyNTNBMHhlYTBmODkxYmMyZTRiM2E1JTIxMnNWYWxvcml0eSUyNTIwSW52ZXN0aXNzZW1lbnQlMjUyMC0lMjUyMFRPVUxPVVNFJTIxNWUwJTIxM20yJTIxMXNydSUyMTJzdWElMjE0djE2MzgzNzE1NTk2ODIlMjE1bTIlMjExc3J1JTIxMnN1YSUyMiUyMHdpZHRoJTNEJTIyMTAwJTI1JTIyJTIwaGVpZ2h0JTNEJTIyNDUwJTIyJTIwc3R5bGUlM0QlMjJib3JkZXIlM0EwJTNCJTIyJTIwYWxsb3dmdWxsc2NyZWVuJTNEJTIyJTIyJTIwbG9hZGluZyUzRCUyMmxhenklMjIlM0UlM0MlMkZpZnJhbWUlM0U=&#8221; css=&#8221;.vc_custom_1638371574979{margin-top: 0px !important;margin-right: 0px !important;margin-bottom: 0px !important;margin-left: 0px !important;border-top-width: 0px !important;border-right-width: 0px !important;border-bottom-width: 0px !important;border-left-width: 0px !important;padding-top: 0px !important;padding-right: 0px !important;padding-bottom: 0px !important;padding-left: 0px !important;}&#8221;][\/vc_column][\/vc_row]<\/p>\n","protected":false},"excerpt":{"rendered":"<p>[vc_row full_width=&#8221;stretch_row&#8221; equal_height=&#8221;yes&#8221; css=&#8221;.vc_custom_1494337711020{margin-bottom: 48px !important;}&#8221;][vc_column width=&#8221;1\/3&#8243; css=&#8221;.vc_custom_1494336662073{padding-right: 24px !important;}&#8221;][\/vc_column][vc_column width=&#8221;1\/3&#8243; css=&#8221;.vc_custom_1494336828259{padding-right: 24px !important;padding-left: 24px !important;background-color: #f4f4f4 !important;}&#8221;][vc_column_text]Iryna Siehr Directeur de d\u00e9veloppement Email: contact@hisconsult.fr Tel: +33 7 71 23 52 34 ( WhatsApp, Viber, Telegram ) Adresse: 8 rue de Vidaihan, Hills Plaza, 31130 Balma ( Toulouse) Contact FAQ About us [\/vc_column_text][\/vc_column][vc_column width=&#8221;1\/3&#8243; css=&#8221;.vc_custom_1494336835635{padding-right: 24px [&hellip;]<\/p>\n","protected":false},"author":1,"featured_media":0,"parent":0,"menu_order":0,"comment_status":"closed","ping_status":"closed","template":"page_full-width-with-top-title.php","meta":{"inline_featured_image":false},"_links":{"self":[{"href":"https:\/\/hisconsult.fr\/fr\/wp-json\/wp\/v2\/pages\/4223"}],"collection":[{"href":"https:\/\/hisconsult.fr\/fr\/wp-json\/wp\/v2\/pages"}],"about":[{"href":"https:\/\/hisconsult.fr\/fr\/wp-json\/wp\/v2\/types\/page"}],"author":[{"embeddable":true,"href":"https:\/\/hisconsult.fr\/fr\/wp-json\/wp\/v2\/users\/1"}],"replies":[{"embeddable":true,"href":"https:\/\/hisconsult.fr\/fr\/wp-json\/wp\/v2\/comments?post=4223"}],"version-history":[{"count":0,"href":"https:\/\/hisconsult.fr\/fr\/wp-json\/wp\/v2\/pages\/4223\/revisions"}],"wp:attachment":[{"href":"https:\/\/hisconsult.fr\/fr\/wp-json\/wp\/v2\/media?parent=4223"}],"curies":[{"name":"wp","href":"https:\/\/api.w.org\/{rel}","templated":true}]}}