{"id":4219,"date":"2022-01-21T14:16:24","date_gmt":"2022-01-21T11:16:24","guid":{"rendered":"https:\/\/hisconsult.fr\/?page_id=4219"},"modified":"2023-10-24T13:00:51","modified_gmt":"2023-10-24T10:00:51","slug":"about-us","status":"publish","type":"page","link":"https:\/\/hisconsult.fr\/fr\/about-us\/","title":{"rendered":"A propos de nous"},"content":{"rendered":"<p>[vc_row full_width=&#8221;stretch_row_content_no_spaces&#8221; equal_height=&#8221;yes&#8221; content_placement=&#8221;middle&#8221;][vc_column width=&#8221;1\/2&#8243; css=&#8221;.vc_custom_1650220272260{padding-top: 0px !important;background-image: url(https:\/\/hisconsult.fr\/wp-content\/uploads\/2022\/01\/dizajn-bez-nazvaniya-2.jpg?id=4160) !important;background-position: center !important;background-repeat: no-repeat !important;background-size: contain !important;}&#8221; el_class=&#8221;mh-2-col-image-bg&#8221;][\/vc_column][vc_column width=&#8221;1\/2&#8243; css=&#8221;.vc_custom_1496231457062{padding-top: 0px !important;}&#8221; el_class=&#8221;mh-2-col-text&#8221;]<div class=\"mh-heading-wrapper--left \">\n\t\n        <div class=\"mh-heading-wrapper\">\n            <h2            class=\"mh-heading  mh-heading--bottom-separator   \"\n            style=\"font-weight:700;\">\n\t\t\tHIS Consult        <\/h2>\n\n\t\t    <\/div>\n\n\t<\/div>[vc_column_text el_class=&#8221;mh-font-size-m&#8221;]La soci\u00e9t\u00e9 de conseil HIS Consult se d\u00e9veloppe avec succ\u00e8s sur le march\u00e9 fran\u00e7ais depuis plusieurs ann\u00e9es. Le pr\u00e9sident-fondateur de la soci\u00e9t\u00e9 est Herv\u00e9 Siehr, grand expert dans le domaine de la finance et de la fiscalit\u00e9, membre des \u00ab 1000 meilleurs managers de France \u00bb, qui a d\u00e9but\u00e9 sa carri\u00e8re au sein d\u2019un des Big-Eight des cabinets d&#8217;audit internationaux. Co-fondatrice Iryna Siehr est une experte dans le domaine de la finance, titulaire d&#8217;un certificat international CIPA, avec une vaste exp\u00e9rience dans les structures commerciales.<\/p>\n<p>Nous avons une grande exp\u00e9rience dans l&#8217;analyse des investissements. Aujourd&#8217;hui, l&#8217;investissement immobilier est l&#8217;une des m\u00e9thodes d&#8217;investissement les plus s\u00fbres et les plus rentables.<\/p>\n<p><strong>C&#8217;est pourquoi l&#8217;immobilier fait partie des activit\u00e9s de l&#8217;entreprise.<\/strong>[\/vc_column_text][\/vc_column][\/vc_row][vc_row full_width=&#8221;stretch_row_content_no_spaces&#8221; equal_height=&#8221;yes&#8221; content_placement=&#8221;middle&#8221;][vc_column width=&#8221;1\/2&#8243; css=&#8221;.vc_custom_1496231457062{padding-top: 0px !important;}&#8221; el_class=&#8221;mh-2-col-text&#8221;]<div class=\"mh-heading-wrapper--left \">\n\t\n        <div class=\"mh-heading-wrapper\">\n            <h2            class=\"mh-heading  mh-heading--bottom-separator   \"\n            style=\"font-weight:700;\">\n\t\t\tClients en Europe        <\/h2>\n\n\t\t    <\/div>\n\n\t<\/div>[vc_column_text el_class=&#8221;mh-font-size-m&#8221;]Aujourd&#8217;hui, la soci\u00e9t\u00e9 propose ses services \u00e0 des clients en Europe et dans les pays de la CEI sur le march\u00e9 immobilier dans des pays tels que la Turquie, Chypre du Nord, les \u00c9mirats arabes unis, l&#8217;Espagne et la Gr\u00e8ce.<\/p>\n<p>Nous surveillons les meilleures offres des d\u00e9veloppeurs. Et si vous \u00eates confront\u00e9 \u00e0 la probl\u00e9matique d&#8217;investir dans l&#8217;immobilier \u00e0 l&#8217;\u00e9tranger, nos consultants sauront vous proposer les meilleures offres aux meilleurs prix et vous aider \u00e0 r\u00e9pondre \u00e0 toutes vos questions.<\/p>\n<p>Nous vous fournirons une assistance professionnelle dans la s\u00e9lection et l\u2019acquisition de biens immobiliers d\u2019investissement dans divers domaines :<\/p>\n<p>&#8211; pour se d\u00e9tendre et percevoir des revenus passifs de locations ;<\/p>\n<p>&#8211; pour des investissements rentables avec possibilit\u00e9 de revente ult\u00e9rieure ;<\/p>\n<p>&#8211; pour d\u00e9m\u00e9nager en famille ;[\/vc_column_text][\/vc_column][vc_column width=&#8221;1\/2&#8243; css=&#8221;.vc_custom_1650220280360{padding-top: 0px !important;background-image: url(https:\/\/hisconsult.fr\/wp-content\/uploads\/2021\/12\/Cove-port-coast-Black-Sea-Turkey-Amasra.jpg?id=3575) !important;background-position: center !important;background-repeat: no-repeat !important;background-size: cover !important;}&#8221; el_class=&#8221;mh-2-col-image-bg&#8221;][\/vc_column][\/vc_row][vc_row full_width=&#8221;stretch_row_content_no_spaces&#8221; equal_height=&#8221;yes&#8221; content_placement=&#8221;middle&#8221;][vc_column width=&#8221;1\/2&#8243; css=&#8221;.vc_custom_1650220289231{padding-top: 0px !important;background-image: url(https:\/\/hisconsult.fr\/wp-content\/uploads\/2022\/01\/20211028_152655-scaled.jpg?id=4122) !important;background-position: center !important;background-repeat: no-repeat !important;background-size: contain !important;}&#8221; el_class=&#8221;mh-2-col-image-bg&#8221;][\/vc_column][vc_column width=&#8221;1\/2&#8243; css=&#8221;.vc_custom_1496231457062{padding-top: 0px !important;}&#8221; el_class=&#8221;mh-2-col-text&#8221;]<div class=\"mh-heading-wrapper--left \">\n\t\n        <div class=\"mh-heading-wrapper\">\n            <h2            class=\"mh-heading  mh-heading--bottom-separator   \"\n            style=\"font-weight:700;\">\n\t\t\tNotre \u00e9quipe de sp\u00e9cialistes        <\/h2>\n\n\t\t    <\/div>\n\n\t<\/div>[vc_column_text el_class=&#8221;mh-font-size-m&#8221;]Nous, et notre \u00e9quipe de sp\u00e9cialistes, vous aiderons \u00e0 faire votre choix. Nous mettons en \u0153uvre toutes nos nombreuses ann\u00e9es d&#8217;exp\u00e9rience pour nos clients.<\/p>\n<p>Sur notre site, vous trouverez toutes les informations les plus n\u00e9cessaires et les plus d\u00e9taill\u00e9es concernant la proc\u00e9dure et la fiscalit\u00e9 des transactions d&#8217;achat et de vente de biens immobiliers, l&#8217;entretien de biens immobiliers \u00e0 l&#8217;\u00e9tranger, l&#8217;enregistrement des documents de r\u00e9sidence et d&#8217;autres informations utiles.[\/vc_column_text][\/vc_column][\/vc_row][vc_row full_width=&#8221;stretch_row&#8221; css=&#8221;.vc_custom_1638443461007{background-color: #fdf6dd !important;}&#8221;][vc_column css=&#8221;.vc_custom_1494333765775{padding-top: 39px !important;padding-bottom: 24px !important;}&#8221;]<div class=\" \">\n\t\n        <div class=\"mh-heading-wrapper\">\n            <h2            class=\"mh-heading  mh-heading--bottom-separator    vc_custom_1642767912852\"\n            style=\"font-weight:700;\">\n\t\t\tNotre \u00e9quipe        <\/h2>\n\n\t\t    <\/div>\n\n\t<\/div>\n\t<div class=\"mh-agent-list\">\n\n\t\t\t\t\t<div class=\"mh-agent-list__element\">\n\t\t\t\t<article class=\"mh-agent mh-agent--white\">\n\t\t\t\t\t<a href=\"https:\/\/hisconsult.fr\/fr\/user\/admin\/\"\n\t\t\t\t\t   class=\"mh-agent__thumbnail\" title=\"Iryna Siehr\">\n\t\t\t\t\t\t\t\t<img\n\t\t\t\t\t\t\tdata-srcset=\"https:\/\/hisconsult.fr\/wp-content\/uploads\/2022\/01\/photo_2022-01-13_23-31-10-1-e1643322176583-100x100.jpg 100w, https:\/\/hisconsult.fr\/wp-content\/uploads\/2022\/01\/photo_2022-01-13_23-31-10-1-e1643322176583-150x150.jpg 150w, https:\/\/hisconsult.fr\/wp-content\/uploads\/2022\/01\/photo_2022-01-13_23-31-10-1-e1643322176583-400x400.jpg 400w, https:\/\/hisconsult.fr\/wp-content\/uploads\/2022\/01\/photo_2022-01-13_23-31-10-1-e1643322176583-200x200.jpg 200w\"\n\t\t\t\tclass=\"lazyload \"\n\t\t\t\tdata-sizes=\"auto\"\n\t\t\t\t\t\talt=\"Iryna Siehr\"\n\t\t>\n\t\t\t\t\t\t\t<\/a>\n\n\t\t\t\t\t<div class=\"mh-agent__content\">\n\t\t\t\t\t\t<h3 class=\"mh-agent__heading\">\n\t\t\t\t\t\t\t<a href=\"https:\/\/hisconsult.fr\/fr\/user\/admin\/\">\n\t\t\t\t\t\t\t\tIryna Siehr\t\t\t\t\t\t\t<\/a>\n\t\t\t\t\t\t<\/h3>\n\n\t\t\t\t\t\t\t\t\t\t\t\t\t\t\t\t\t\t\t\t\t<div class=\"mh-agent__text\">\n\t\t\t\t\t\t\t\t\tDirecteur de d\u00e9veloppement\t\t\t\t\t\t\t\t<\/div>\n\t\t\t\t\t\t\t\t\t\t\t\t\t\n\t\t\t\t\t\t\t\t\t\t\t\t\t<div class=\"mh-agent__additional-fields\">\n\t\t\t\t\t\t\t\t\t\t\t\t\t\t\t\t\t\t\t\t\t\t\t\t\t\t<div class=\"mh-agent__additional-fields__item\">\n\t\t\t\t\t\t\t\t\t\t<strong>\n\t\t\t\t\t\t\t\t\t\t\tOrganization:\n\t\t\t\t\t\t\t\t\t\t<\/strong>\n\t\t\t\t\t\t\t\t\t\tHIS Consult\t\t\t\t\t\t\t\t\t<\/div>\n\t\t\t\t\t\t\t\t\t\t\t\t\t\t\t<\/div>\n\t\t\t\t\t\t\n\t\t\t\t\t\t<div class=\"mh-agent-contact\">\n\t\t\t\t\t\t\t\t\t\t\t\t\t\t\t\t\t\t\t\t\t\t\t\t<div class=\"mh-agent-contact__element\">\n\t\t\t\t\t\t\t\t\t\t<a href=\"mailto:iryna.siehr@gmail.com\">\n\t\t\t\t\t\t\t\t\t\t\t<i class=\"flaticon-mail-2\"><\/i>\n\t\t\t\t\t\t\t\t\t\t\tiryna.siehr@gmail.com\t\t\t\t\t\t\t\t\t\t<\/a>\n\t\t\t\t\t\t\t\t\t<\/div>\n\t\t\t\t\t\t\t\t\t\t\t\t\t\t\t\n\t\t\t\t\t\t\t\t\t\t\t\t\t\t\t\t\t\t\t\t\t\t\t\t\t\t\t\t<\/div>\n\n\t\t\t\t\t\t\n\t\t\t\t\t\t\t\t\t\t\t\t\t<div class=\"mh-agent__button-wrapper\">\n\t\t\t\t\t\t\t\t<div class=\"mh-agent__button\">\n\t\t\t\t\t\t\t\t\t<a href=\"https:\/\/hisconsult.fr\/fr\/user\/admin\/\"\n\t\t\t\t\t\t\t\t\t   title=\"Iryna Siehr\"\n\t\t\t\t\t\t\t\t\t   class=\"mdl-button mdl-js-button mdl-button--raised mdl-button--primary-ghost\">\n\t\t\t\t\t\t\t\t\t\tFull Profile\t\t\t\t\t\t\t\t\t<\/a>\n\t\t\t\t\t\t\t\t<\/div>\n\t\t\t\t\t\t\t<\/div>\n\t\t\t\t\t\t\t\t\t\t\t<\/div>\n\t\t\t\t<\/article>\n\t\t\t<\/div>\n\n\t\t\t\t\t<div class=\"mh-agent-list__element\">\n\t\t\t\t<article class=\"mh-agent mh-agent--white\">\n\t\t\t\t\t<a href=\"https:\/\/hisconsult.fr\/fr\/user\/liliia\/\"\n\t\t\t\t\t   class=\"mh-agent__thumbnail\" title=\"Liliia Siehr\">\n\t\t\t\t\t\t\t\t<img\n\t\t\t\t\t\t\tdata-srcset=\"https:\/\/hisconsult.fr\/wp-content\/uploads\/2022\/01\/photo_2022-01-27_23-34-07-e1643323036501-100x100.jpg 100w, https:\/\/hisconsult.fr\/wp-content\/uploads\/2022\/01\/photo_2022-01-27_23-34-07-e1643323036501-300x300.jpg 300w, https:\/\/hisconsult.fr\/wp-content\/uploads\/2022\/01\/photo_2022-01-27_23-34-07-e1643323036501-150x150.jpg 150w, https:\/\/hisconsult.fr\/wp-content\/uploads\/2022\/01\/photo_2022-01-27_23-34-07-e1643323036501-768x768.jpg 768w, https:\/\/hisconsult.fr\/wp-content\/uploads\/2022\/01\/photo_2022-01-27_23-34-07-e1643323036501-400x400.jpg 400w, https:\/\/hisconsult.fr\/wp-content\/uploads\/2022\/01\/photo_2022-01-27_23-34-07-e1643323036501-200x200.jpg 200w, https:\/\/hisconsult.fr\/wp-content\/uploads\/2022\/01\/photo_2022-01-27_23-34-07-e1643323036501.jpg 848w\"\n\t\t\t\tclass=\"lazyload \"\n\t\t\t\tdata-sizes=\"auto\"\n\t\t\t\t\t\talt=\"Liliia Siehr\"\n\t\t>\n\t\t\t\t\t\t\t<\/a>\n\n\t\t\t\t\t<div class=\"mh-agent__content\">\n\t\t\t\t\t\t<h3 class=\"mh-agent__heading\">\n\t\t\t\t\t\t\t<a href=\"https:\/\/hisconsult.fr\/fr\/user\/liliia\/\">\n\t\t\t\t\t\t\t\tLiliia Siehr\t\t\t\t\t\t\t<\/a>\n\t\t\t\t\t\t<\/h3>\n\n\t\t\t\t\t\t\t\t\t\t\t\t\t\t\t\t\t\t\t\t\t<div class=\"mh-agent__text\">\n\t\t\t\t\t\t\t\t\tProperty agent\t\t\t\t\t\t\t\t<\/div>\n\t\t\t\t\t\t\t\t\t\t\t\t\t\n\t\t\t\t\t\t\t\t\t\t\t\t\t<div class=\"mh-agent__additional-fields\">\n\t\t\t\t\t\t\t\t\t\t\t\t\t\t\t\t\t\t\t\t\t\t\t\t\t\t<div class=\"mh-agent__additional-fields__item\">\n\t\t\t\t\t\t\t\t\t\t<strong>\n\t\t\t\t\t\t\t\t\t\t\tOrganization:\n\t\t\t\t\t\t\t\t\t\t<\/strong>\n\t\t\t\t\t\t\t\t\t\tHIS Consult\t\t\t\t\t\t\t\t\t<\/div>\n\t\t\t\t\t\t\t\t\t\t\t\t\t\t\t<\/div>\n\t\t\t\t\t\t\n\t\t\t\t\t\t<div class=\"mh-agent-contact\">\n\t\t\t\t\t\t\t\t\t\t\t\t\t\t\t\t\t\t\t\t\t\t\t\t<div class=\"mh-agent-contact__element\">\n\t\t\t\t\t\t\t\t\t\t<a href=\"mailto:liliia.siehr@hisconsult.fr\">\n\t\t\t\t\t\t\t\t\t\t\t<i class=\"flaticon-mail-2\"><\/i>\n\t\t\t\t\t\t\t\t\t\t\tliliia.siehr@hisconsult.fr\t\t\t\t\t\t\t\t\t\t<\/a>\n\t\t\t\t\t\t\t\t\t<\/div>\n\t\t\t\t\t\t\t\t\t\t\t\t\t\t\t\n\t\t\t\t\t\t\t\t\t\t\t\t\t\t\t\t\t\t\t\t\t\t\t\t\t\t\t\t<\/div>\n\n\t\t\t\t\t\t\n\t\t\t\t\t\t\t\t\t\t\t\t\t<div class=\"mh-agent__button-wrapper\">\n\t\t\t\t\t\t\t\t<div class=\"mh-agent__button\">\n\t\t\t\t\t\t\t\t\t<a href=\"https:\/\/hisconsult.fr\/fr\/user\/liliia\/\"\n\t\t\t\t\t\t\t\t\t   title=\"Liliia Siehr\"\n\t\t\t\t\t\t\t\t\t   class=\"mdl-button mdl-js-button mdl-button--raised mdl-button--primary-ghost\">\n\t\t\t\t\t\t\t\t\t\tFull Profile\t\t\t\t\t\t\t\t\t<\/a>\n\t\t\t\t\t\t\t\t<\/div>\n\t\t\t\t\t\t\t<\/div>\n\t\t\t\t\t\t\t\t\t\t\t<\/div>\n\t\t\t\t<\/article>\n\t\t\t<\/div>\n\n\t\t\t\t\t<div class=\"mh-agent-list__element\">\n\t\t\t\t<article class=\"mh-agent mh-agent--white\">\n\t\t\t\t\t<a href=\"https:\/\/hisconsult.fr\/fr\/user\/victoriia\/\"\n\t\t\t\t\t   class=\"mh-agent__thumbnail\" title=\"Victoriia Vozhova\">\n\t\t\t\t\t\t\t\t<img\n\t\t\t\t\t\t\tdata-srcset=\"https:\/\/hisconsult.fr\/wp-content\/uploads\/2022\/05\/image_viber_2022-05-04_18-59-20-875-e1651684219853-100x100.jpg 100w, https:\/\/hisconsult.fr\/wp-content\/uploads\/2022\/05\/image_viber_2022-05-04_18-59-20-875-e1651684219853-150x150.jpg 150w, https:\/\/hisconsult.fr\/wp-content\/uploads\/2022\/05\/image_viber_2022-05-04_18-59-20-875-e1651684219853-400x400.jpg 400w, https:\/\/hisconsult.fr\/wp-content\/uploads\/2022\/05\/image_viber_2022-05-04_18-59-20-875-e1651684219853-200x200.jpg 200w\"\n\t\t\t\tclass=\"lazyload \"\n\t\t\t\tdata-sizes=\"auto\"\n\t\t\t\t\t\talt=\"Victoriia Vozhova\"\n\t\t>\n\t\t\t\t\t\t\t<\/a>\n\n\t\t\t\t\t<div class=\"mh-agent__content\">\n\t\t\t\t\t\t<h3 class=\"mh-agent__heading\">\n\t\t\t\t\t\t\t<a href=\"https:\/\/hisconsult.fr\/fr\/user\/victoriia\/\">\n\t\t\t\t\t\t\t\tVictoriia Vozhova\t\t\t\t\t\t\t<\/a>\n\t\t\t\t\t\t<\/h3>\n\n\t\t\t\t\t\t\t\t\t\t\t\t\t\t\t\t\t\t\t\t\t<div class=\"mh-agent__text\">\n\t\t\t\t\t\t\t\t\tProperty expert\t\t\t\t\t\t\t\t<\/div>\n\t\t\t\t\t\t\t\t\t\t\t\t\t\n\t\t\t\t\t\t\t\t\t\t\t\t\t<div class=\"mh-agent__additional-fields\">\n\t\t\t\t\t\t\t\t\t\t\t\t\t\t\t\t\t\t\t\t\t\t\t\t\t\t<div class=\"mh-agent__additional-fields__item\">\n\t\t\t\t\t\t\t\t\t\t<strong>\n\t\t\t\t\t\t\t\t\t\t\tOrganization:\n\t\t\t\t\t\t\t\t\t\t<\/strong>\n\t\t\t\t\t\t\t\t\t\tHIS Consult\t\t\t\t\t\t\t\t\t<\/div>\n\t\t\t\t\t\t\t\t\t\t\t\t\t\t\t<\/div>\n\t\t\t\t\t\t\n\t\t\t\t\t\t<div class=\"mh-agent-contact\">\n\t\t\t\t\t\t\t\t\t\t\t\t\t\t\t\t\t\t\t\t\t\t\t\t<div class=\"mh-agent-contact__element\">\n\t\t\t\t\t\t\t\t\t\t<a href=\"mailto:contact@hisconsult.fr\">\n\t\t\t\t\t\t\t\t\t\t\t<i class=\"flaticon-mail-2\"><\/i>\n\t\t\t\t\t\t\t\t\t\t\tcontact@hisconsult.fr\t\t\t\t\t\t\t\t\t\t<\/a>\n\t\t\t\t\t\t\t\t\t<\/div>\n\t\t\t\t\t\t\t\t\t\t\t\t\t\t\t\n\t\t\t\t\t\t\t\t\t\t\t\t\t\t\t\t\t\t\t\t\t\t\t\t\t\t\t\t<\/div>\n\n\t\t\t\t\t\t\n\t\t\t\t\t\t\t\t\t\t\t\t\t<div class=\"mh-agent__button-wrapper\">\n\t\t\t\t\t\t\t\t<div class=\"mh-agent__button\">\n\t\t\t\t\t\t\t\t\t<a href=\"https:\/\/hisconsult.fr\/fr\/user\/victoriia\/\"\n\t\t\t\t\t\t\t\t\t   title=\"Victoriia Vozhova\"\n\t\t\t\t\t\t\t\t\t   class=\"mdl-button mdl-js-button mdl-button--raised mdl-button--primary-ghost\">\n\t\t\t\t\t\t\t\t\t\tFull Profile\t\t\t\t\t\t\t\t\t<\/a>\n\t\t\t\t\t\t\t\t<\/div>\n\t\t\t\t\t\t\t<\/div>\n\t\t\t\t\t\t\t\t\t\t\t<\/div>\n\t\t\t\t<\/article>\n\t\t\t<\/div>\n\n\t\t\t<\/div>\n\n    <div class=\"clearfix\"><\/div>\n    <div class=\"text-center mh-margin-bottom-small\">\n        <a class=\"mdl-button mdl-button--lg mdl-js-button mdl-button--raised mdl-button--primary\" href=\"https:\/\/hisconsult.fr\/fr\/our-team\/\" title=\"Regarder\">\n            Regarder        <\/a>\n    <\/div>\n[\/vc_column][\/vc_row][vc_row full_width=&#8221;stretch_row&#8221;][vc_column css=&#8221;.vc_custom_1494609686462{padding-top: 39px !important;padding-bottom: 24px !important;}&#8221;]<div class=\" \">\n\t\n        <div class=\"mh-heading-wrapper\">\n            <h2            class=\"mh-heading  mh-heading--bottom-separator   \"\n            style=\"font-weight:700;\">\n\t\t\tChoisissez un pays        <\/h2>\n\n\t\t    <\/div>\n\n\t<\/div>\n<div class=\"mh-list-attribute\">\n            <div class=\"mh-list-attribute__item\">\n            <div class=\"mh-list-attribute__item__content\">\n                <a class=\"mh-list-attribute__image__link\"\n                   href=\"https:\/\/hisconsult.fr\/fr\/country\/northern-cyprus_fr\/\"\n                   title=\"Chypre du Nord\">\n                        \t\t<img\n\t\t\t\t\t\t\tdata-srcset=\"https:\/\/hisconsult.fr\/wp-content\/uploads\/2022\/01\/severny-kipr-120x75.jpg 120w, https:\/\/hisconsult.fr\/wp-content\/uploads\/2022\/01\/severny-kipr-848x530.jpg 848w, https:\/\/hisconsult.fr\/wp-content\/uploads\/2022\/01\/severny-kipr-600x375.jpg 600w, https:\/\/hisconsult.fr\/wp-content\/uploads\/2022\/01\/severny-kipr-400x250.jpg 400w, https:\/\/hisconsult.fr\/wp-content\/uploads\/2022\/01\/severny-kipr-224x140.jpg 224w\"\n\t\t\t\tclass=\"lazyload \"\n\t\t\t\tdata-sizes=\"auto\"\n\t\t\t\t\t\talt=\"Chypre du Nord\"\n\t\t>\n\t\t                <\/a>\n                <a class=\"mh-list-attribute__heading__link\"\n                   href=\"https:\/\/hisconsult.fr\/fr\/country\/northern-cyprus_fr\/\"\n                   title=\"Chypre du Nord\">\n                    <h3>\n                        Chypre du Nord                    <\/h3>\n                <\/a>\n            <\/div>\n        <\/div>\n            <div class=\"mh-list-attribute__item\">\n            <div class=\"mh-list-attribute__item__content\">\n                <a class=\"mh-list-attribute__image__link\"\n                   href=\"https:\/\/hisconsult.fr\/fr\/country\/italiya_fr\/\"\n                   title=\"Italie\">\n                        \t\t<img\n\t\t\t\t\t\t\tdata-srcset=\"https:\/\/hisconsult.fr\/wp-content\/uploads\/2022\/05\/png_20220519_225151_0000-1-120x75.png 120w, https:\/\/hisconsult.fr\/wp-content\/uploads\/2022\/05\/png_20220519_225151_0000-1-848x530.png 848w, https:\/\/hisconsult.fr\/wp-content\/uploads\/2022\/05\/png_20220519_225151_0000-1-600x375.png 600w, https:\/\/hisconsult.fr\/wp-content\/uploads\/2022\/05\/png_20220519_225151_0000-1-400x250.png 400w, https:\/\/hisconsult.fr\/wp-content\/uploads\/2022\/05\/png_20220519_225151_0000-1-224x140.png 224w\"\n\t\t\t\tclass=\"lazyload \"\n\t\t\t\tdata-sizes=\"auto\"\n\t\t\t\t\t\talt=\"Italie\"\n\t\t>\n\t\t                <\/a>\n                <a class=\"mh-list-attribute__heading__link\"\n                   href=\"https:\/\/hisconsult.fr\/fr\/country\/italiya_fr\/\"\n                   title=\"Italie\">\n                    <h3>\n                        Italie                    <\/h3>\n                <\/a>\n            <\/div>\n        <\/div>\n            <div class=\"mh-list-attribute__item\">\n            <div class=\"mh-list-attribute__item__content\">\n                <a class=\"mh-list-attribute__image__link\"\n                   href=\"https:\/\/hisconsult.fr\/fr\/country\/turkey_fr\/\"\n                   title=\"Turquie\">\n                        \t\t<img\n\t\t\t\t\t\t\tdata-srcset=\"https:\/\/hisconsult.fr\/wp-content\/uploads\/2022\/01\/shutterstock_1221750502-120x75.jpg 120w, https:\/\/hisconsult.fr\/wp-content\/uploads\/2022\/01\/shutterstock_1221750502-848x530.jpg 848w, https:\/\/hisconsult.fr\/wp-content\/uploads\/2022\/01\/shutterstock_1221750502-600x375.jpg 600w, https:\/\/hisconsult.fr\/wp-content\/uploads\/2022\/01\/shutterstock_1221750502-400x250.jpg 400w, https:\/\/hisconsult.fr\/wp-content\/uploads\/2022\/01\/shutterstock_1221750502-224x140.jpg 224w\"\n\t\t\t\tclass=\"lazyload \"\n\t\t\t\tdata-sizes=\"auto\"\n\t\t\t\t\t\talt=\"Turquie\"\n\t\t>\n\t\t                <\/a>\n                <a class=\"mh-list-attribute__heading__link\"\n                   href=\"https:\/\/hisconsult.fr\/fr\/country\/turkey_fr\/\"\n                   title=\"Turquie\">\n                    <h3>\n                        Turquie                    <\/h3>\n                <\/a>\n            <\/div>\n        <\/div>\n    <\/div>[\/vc_column][\/vc_row][vc_row full_width=&#8221;stretch_row&#8221; css=&#8221;.vc_custom_1532197822553{background-image: url(https:\/\/myhometheme.net\/agent\/wp-content\/uploads\/2018\/07\/inside-whiter.jpg?id=3341) !important;background-position: center !important;background-repeat: no-repeat !important;background-size: cover !important;}&#8221;][vc_column css=&#8221;.vc_custom_1494609678662{padding-top: 39px !important;padding-bottom: 24px !important;}&#8221;]<div class=\" \">\n\t\n        <div class=\"mh-heading-wrapper\">\n            <h2            class=\"mh-heading  mh-heading--bottom-separator   \"\n            style=\"font-weight:700;\">\n\t\t\tInformation        <\/h2>\n\n\t\t    <\/div>\n\n\t<\/div>\t<div class=\"owl-carousel owl-carousel--visible-3  owl-carousel--no-auto-play\">\n\t\t\t\t\t<article\n\t\t\t\tclass=\"mh-post-grid mh-post-grid--img-absolute mh-post-grid--white post-4522 post type-post status-publish format-standard has-post-thumbnail hentry category-tout-sur-la-turquie\">\n\t\t\t\t<a href=\"https:\/\/hisconsult.fr\/fr\/didim\/\"\n\t\t\t\t   title=\"Didim\"\n\t\t\t\t   class=\"mh-post-grid__thumbnail\">\n\t\t\t\t\t\t\t\t\t\t\t<div class=\"mh-thumbnail__inner \">\n\t\t\t\t\t\t\t\t\t<img\n\t\t\t\t\t\t\tdata-srcset=\"https:\/\/hisconsult.fr\/wp-content\/uploads\/2022\/01\/shutterstock_509830942-120x75.jpg 120w, https:\/\/hisconsult.fr\/wp-content\/uploads\/2022\/01\/shutterstock_509830942-848x530.jpg 848w, https:\/\/hisconsult.fr\/wp-content\/uploads\/2022\/01\/shutterstock_509830942-600x375.jpg 600w, https:\/\/hisconsult.fr\/wp-content\/uploads\/2022\/01\/shutterstock_509830942-400x250.jpg 400w, https:\/\/hisconsult.fr\/wp-content\/uploads\/2022\/01\/shutterstock_509830942-224x140.jpg 224w\"\n\t\t\t\tclass=\"lazyload \"\n\t\t\t\tdata-sizes=\"auto\"\n\t\t\t\t\t\talt=\"Didim\"\n\t\t>\n\t\t\t\t\t\t\t\t<\/div>\n\t\t\t\t\t\t<span class=\"mh-caption\">\n\t\t\t\t\t\t\t\t<span class=\"mh-caption__inner\">25.01.2022<\/span>\n\t\t\t\t\t\t\t<\/span>\n\t\t\t\t\t\t\t\t\t<\/a>\n\t\t\t\t<div class=\"mh-post-grid__inner\">\n\t\t\t\t\t<h3 class=\"mh-post-grid__heading\">\n\t\t\t\t\t\t<a href=\"https:\/\/hisconsult.fr\/fr\/didim\/\" title=\"Didim\">\n\t\t\t\t\t\t\tDidim\t\t\t\t\t\t<\/a>\n\t\t\t\t\t<\/h3>\n\t\t\t\t\t<div class=\"mh-post-grid__excerpt\">\n\t\t\t\t\t\tDidim est une station baln\u00e9aire situ\u00e9e \u00e0 proximit\u00e9 des c\u00e9l\u00e8bres destinations touristiques de la Turquie &#8211; Bodrum et Izmir. Ou plut\u00f4t entre eux. Vous pouvez facilement vous rendre \u00e0 Didim en arrivant dans l&#8217;un des...\t\t\t\t\t<\/div>\n\t\t\t\t\t<div class=\"mh-post-grid__btn-wrapper\">\n\t\t\t\t\t\t<a href=\"https:\/\/hisconsult.fr\/fr\/didim\/\" title=\"Didim\"\n\t\t\t\t\t\t   class=\"mdl-button mdl-js-button mdl-button--raised mdl-button--primary-ghost\">\n\t\t\t\t\t\t\tLire la suite\t\t\t\t\t\t<\/a>\n\t\t\t\t\t<\/div>\n\t\t\t\t<\/div>\n\t\t\t<\/article>\n\t\t\t\t\t<article\n\t\t\t\tclass=\"mh-post-grid mh-post-grid--img-absolute mh-post-grid--white post-3728 post type-post status-publish format-standard has-post-thumbnail hentry category-tout-sur-la-turquie\">\n\t\t\t\t<a href=\"https:\/\/hisconsult.fr\/fr\/kusadasi\/\"\n\t\t\t\t   title=\"Kusadasi\"\n\t\t\t\t   class=\"mh-post-grid__thumbnail\">\n\t\t\t\t\t\t\t\t\t\t\t<div class=\"mh-thumbnail__inner \">\n\t\t\t\t\t\t\t\t\t<img\n\t\t\t\t\t\t\tdata-srcset=\"https:\/\/hisconsult.fr\/wp-content\/uploads\/2021\/12\/\u043a\u0443\u0448\u0430\u0434\u0430\u0441\u044b-3-120x75.jpg 120w, https:\/\/hisconsult.fr\/wp-content\/uploads\/2021\/12\/\u043a\u0443\u0448\u0430\u0434\u0430\u0441\u044b-3-848x530.jpg 848w, https:\/\/hisconsult.fr\/wp-content\/uploads\/2021\/12\/\u043a\u0443\u0448\u0430\u0434\u0430\u0441\u044b-3-600x375.jpg 600w, https:\/\/hisconsult.fr\/wp-content\/uploads\/2021\/12\/\u043a\u0443\u0448\u0430\u0434\u0430\u0441\u044b-3-400x250.jpg 400w, https:\/\/hisconsult.fr\/wp-content\/uploads\/2021\/12\/\u043a\u0443\u0448\u0430\u0434\u0430\u0441\u044b-3-224x140.jpg 224w\"\n\t\t\t\tclass=\"lazyload \"\n\t\t\t\tdata-sizes=\"auto\"\n\t\t\t\t\t\talt=\"Kusadasi\"\n\t\t>\n\t\t\t\t\t\t\t\t<\/div>\n\t\t\t\t\t\t<span class=\"mh-caption\">\n\t\t\t\t\t\t\t\t<span class=\"mh-caption__inner\">01.12.2021<\/span>\n\t\t\t\t\t\t\t<\/span>\n\t\t\t\t\t\t\t\t\t<\/a>\n\t\t\t\t<div class=\"mh-post-grid__inner\">\n\t\t\t\t\t<h3 class=\"mh-post-grid__heading\">\n\t\t\t\t\t\t<a href=\"https:\/\/hisconsult.fr\/fr\/kusadasi\/\" title=\"Kusadasi\">\n\t\t\t\t\t\t\tKusadasi\t\t\t\t\t\t<\/a>\n\t\t\t\t\t<\/h3>\n\t\t\t\t\t<div class=\"mh-post-grid__excerpt\">\n\t\t\t\t\t\tKusadasi est l&#8217;une des plus belles stations baln\u00e9aires de la c\u00f4te \u00e9g\u00e9enne, qui est c\u00e9l\u00e8bre pour sa baie pittoresque et ses longues plages de sable dor\u00e9 et lisse d&#8217;environ 50 km de long, ses eaux...\t\t\t\t\t<\/div>\n\t\t\t\t\t<div class=\"mh-post-grid__btn-wrapper\">\n\t\t\t\t\t\t<a href=\"https:\/\/hisconsult.fr\/fr\/kusadasi\/\" title=\"Kusadasi\"\n\t\t\t\t\t\t   class=\"mdl-button mdl-js-button mdl-button--raised mdl-button--primary-ghost\">\n\t\t\t\t\t\t\tLire la suite\t\t\t\t\t\t<\/a>\n\t\t\t\t\t<\/div>\n\t\t\t\t<\/div>\n\t\t\t<\/article>\n\t\t\t<\/div>\n[\/vc_column][\/vc_row]<\/p>\n","protected":false},"excerpt":{"rendered":"<p>[vc_row full_width=&#8221;stretch_row_content_no_spaces&#8221; equal_height=&#8221;yes&#8221; content_placement=&#8221;middle&#8221;][vc_column width=&#8221;1\/2&#8243; css=&#8221;.vc_custom_1650220272260{padding-top: 0px !important;background-image: url(https:\/\/hisconsult.fr\/wp-content\/uploads\/2022\/01\/dizajn-bez-nazvaniya-2.jpg?id=4160) !important;background-position: center !important;background-repeat: no-repeat !important;background-size: contain !important;}&#8221; el_class=&#8221;mh-2-col-image-bg&#8221;][\/vc_column][vc_column width=&#8221;1\/2&#8243; css=&#8221;.vc_custom_1496231457062{padding-top: 0px !important;}&#8221; el_class=&#8221;mh-2-col-text&#8221;][vc_column_text el_class=&#8221;mh-font-size-m&#8221;]La soci\u00e9t\u00e9 de conseil HIS Consult se d\u00e9veloppe avec succ\u00e8s sur le march\u00e9 fran\u00e7ais depuis plusieurs ann\u00e9es. Le pr\u00e9sident-fondateur de la soci\u00e9t\u00e9 est Herv\u00e9 Siehr, grand expert dans le domaine de la finance [&hellip;]<\/p>\n","protected":false},"author":1,"featured_media":0,"parent":0,"menu_order":0,"comment_status":"closed","ping_status":"closed","template":"page_full-width.php","meta":{"inline_featured_image":false},"_links":{"self":[{"href":"https:\/\/hisconsult.fr\/fr\/wp-json\/wp\/v2\/pages\/4219"}],"collection":[{"href":"https:\/\/hisconsult.fr\/fr\/wp-json\/wp\/v2\/pages"}],"about":[{"href":"https:\/\/hisconsult.fr\/fr\/wp-json\/wp\/v2\/types\/page"}],"author":[{"embeddable":true,"href":"https:\/\/hisconsult.fr\/fr\/wp-json\/wp\/v2\/users\/1"}],"replies":[{"embeddable":true,"href":"https:\/\/hisconsult.fr\/fr\/wp-json\/wp\/v2\/comments?post=4219"}],"version-history":[{"count":0,"href":"https:\/\/hisconsult.fr\/fr\/wp-json\/wp\/v2\/pages\/4219\/revisions"}],"wp:attachment":[{"href":"https:\/\/hisconsult.fr\/fr\/wp-json\/wp\/v2\/media?parent=4219"}],"curies":[{"name":"wp","href":"https:\/\/api.w.org\/{rel}","templated":true}]}}